{"id":963,"date":"2023-01-15T18:51:21","date_gmt":"2023-01-15T17:51:21","guid":{"rendered":"https:\/\/isabell-tammer.de\/wordpress\/?page_id=963"},"modified":"2023-02-13T13:31:29","modified_gmt":"2023-02-13T12:31:29","slug":"mein-programm","status":"publish","type":"page","link":"https:\/\/isabell-tammer.de\/wordpress\/mein-programm\/","title":{"rendered":"Mein Programm"},"content":{"rendered":"<p>\n<style type=\"text\/css\" data-created_by=\"avia_inline_auto\" id=\"style-css-av-1j9lqr-d3f7dbd330710f1cdeec34c4751df5eb\">\n.avia-section.av-1j9lqr-d3f7dbd330710f1cdeec34c4751df5eb{\nbackground-color:#ef7a1e;\nbackground-image:unset;\n}\n<\/style>\n<div id='av_section_1'  class='avia-section av-1j9lqr-d3f7dbd330710f1cdeec34c4751df5eb main_color avia-section-default avia-no-border-styling  avia-builder-el-0  el_before_av_section  avia-builder-el-first  avia-bg-style-scroll container_wrap fullsize'  ><div class='container av-section-cont-open' ><main  role=\"main\" itemprop=\"mainContentOfPage\"  class='template-page content  av-content-full alpha units'><div class='post-entry post-entry-type-page post-entry-963'><div class='entry-content-wrapper clearfix'>\n\n<style type=\"text\/css\" data-created_by=\"avia_inline_auto\" id=\"style-css-av-1dij9n-296c8fb87be376ee31be3dbe220e0bd4\">\n#top .av-rotator-container.av-1dij9n-296c8fb87be376ee31be3dbe220e0bd4{\ntext-align:left;\ncolor:#ffffff;\n}\n#top #wrap_all .av-rotator-container.av-1dij9n-296c8fb87be376ee31be3dbe220e0bd4 .av-rotator-container-inner{\nfont-size:35px;\n}\n<\/style>\n\n<style type=\"text\/css\" data-created_by=\"avia_inline_auto\" id=\"style-css-sub-av-1dij9n-296c8fb87be376ee31be3dbe220e0bd4\">\n#top .av-rotator-container .av-rotator-text-single.av-18jtmj-f6f38418fec2db0e617bf05e99a15d3c{\ncolor:#ffffff;\n}\n#top .av-rotator-container .av-rotator-text-single.av-10mwoj-8b65a7087cecde24bf0efe51777b118e{\ncolor:#ffffff;\n}\n#top .av-rotator-container .av-rotator-text-single.av-yssa3-ff8dcff8da0c4704e542d9f63f9450f7{\ncolor:#ffffff;\n}\n<\/style>\n<div  class='av-rotator-container av-rotation-container-left av-1dij9n-296c8fb87be376ee31be3dbe220e0bd4  avia-builder-el-1  avia-builder-el-no-sibling ' data-interval='7' data-animation='-1'><h2 class='av-rotator-container-inner'>Als B\u00fcrgermeisterin werde ich mich daf\u00fcr einsetzten, dass...<span class='av-rotator-text av-rotator-multiline-off'>\n<span class='av-rotator-text-single av-18jtmj-f6f38418fec2db0e617bf05e99a15d3c av-rotator-text-single-1'>Sie frischen Wind in der Stadt haben<\/span>\n<span class='av-rotator-text-single av-10mwoj-8b65a7087cecde24bf0efe51777b118e av-rotator-text-single-2'>Sie aktiv unsere Stadt mitgestalten k\u00f6nnen<\/span>\n<span class='av-rotator-text-single av-yssa3-ff8dcff8da0c4704e542d9f63f9450f7 av-rotator-text-single-3'>Sie Transparenz im politischen Handeln erleben<\/span>\n<\/span><\/h2><\/div>\n<\/div><\/div><\/main><!-- close content main element --><\/div><\/div>\n<style type=\"text\/css\" data-created_by=\"avia_inline_auto\" id=\"style-css-av-sj9gb-84336f19318c85ed12c0d9b39d4abf60\">\n.avia-section.av-sj9gb-84336f19318c85ed12c0d9b39d4abf60{\nbackground-color:#ffffff;\nbackground-image:url(https:\/\/isabell-tammer.de\/wordpress\/wp-content\/uploads\/2016\/12\/BG_Kandidat-845x684.jpg);\nbackground-repeat:no-repeat;\nbackground-position:50% 50%;\nbackground-attachment:fixed;\n}\n<\/style>\n<div id='av_section_2'  class='avia-section av-sj9gb-84336f19318c85ed12c0d9b39d4abf60 main_color avia-section-default avia-no-shadow  avia-builder-el-2  el_after_av_section  avia-builder-el-last  avia-bg-style-fixed container_wrap fullsize'  data-section-bg-repeat='no-repeat'><div class='container av-section-cont-open' ><div class='template-page content  av-content-full alpha units'><div class='post-entry post-entry-type-page post-entry-963'><div class='entry-content-wrapper clearfix'>\n\n<style type=\"text\/css\" data-created_by=\"avia_inline_auto\" id=\"style-css-av-ndl1f-a737fe8f1769892437a797f18ab550dc\">\n.flex_column.av-ndl1f-a737fe8f1769892437a797f18ab550dc{\n-webkit-border-radius:0px 0px 0px 0px;\n-moz-border-radius:0px 0px 0px 0px;\nborder-radius:0px 0px 0px 0px;\npadding:0px 0px 0px 0px;\n}\n<\/style>\n<div class='flex_column av-ndl1f-a737fe8f1769892437a797f18ab550dc av_three_fifth  avia-builder-el-3  avia-builder-el-no-sibling  first flex_column_div av-zero-column-padding '     ><p>\n<style type=\"text\/css\" data-created_by=\"avia_inline_auto\" id=\"style-css-av-f8l77-0834bd8cb71a004db3082dbde9b3dc5a\">\n#top .av-special-heading.av-f8l77-0834bd8cb71a004db3082dbde9b3dc5a{\npadding-bottom:10px;\nfont-size:27px;\n}\nbody .av-special-heading.av-f8l77-0834bd8cb71a004db3082dbde9b3dc5a .av-special-heading-tag .heading-char{\nfont-size:25px;\n}\n#top #wrap_all .av-special-heading.av-f8l77-0834bd8cb71a004db3082dbde9b3dc5a .av-special-heading-tag{\nfont-size:27px;\n}\n.av-special-heading.av-f8l77-0834bd8cb71a004db3082dbde9b3dc5a .av-subheading{\nfont-size:15px;\n}\n\n@media only screen and (min-width: 480px) and (max-width: 767px){ \n#top #wrap_all .av-special-heading.av-f8l77-0834bd8cb71a004db3082dbde9b3dc5a .av-special-heading-tag{\nfont-size:0.8em;\n}\n}\n\n@media only screen and (max-width: 479px){ \n#top #wrap_all .av-special-heading.av-f8l77-0834bd8cb71a004db3082dbde9b3dc5a .av-special-heading-tag{\nfont-size:0.8em;\n}\n}\n<\/style>\n<div  class='av-special-heading av-f8l77-0834bd8cb71a004db3082dbde9b3dc5a av-special-heading-h2 blockquote modern-quote  avia-builder-el-4  el_before_av_textblock  avia-builder-el-first  av-inherit-size'><h2 class='av-special-heading-tag'  itemprop=\"headline\"  >Mein Programm<\/h2><div class=\"special-heading-border\"><div class=\"special-heading-inner-border\"><\/div><\/div><\/div>\n<style type=\"text\/css\" data-created_by=\"avia_inline_auto\" id=\"style-css-av-a28v7-e1ba49da981a9565fe60b2ee9982bc7f\">\n#top .av_textblock_section.av-a28v7-e1ba49da981a9565fe60b2ee9982bc7f .avia_textblock{\nfont-size:15px;\n}\n<\/style>\n<section  class='av_textblock_section av-a28v7-e1ba49da981a9565fe60b2ee9982bc7f'  itemscope=\"itemscope\" itemtype=\"https:\/\/schema.org\/CreativeWork\" ><div class='avia_textblock'  itemprop=\"text\" ><p>Stellen Sie sich vor, Sie leben in einer Stadt, in der<\/p>\n<li>Sie beruhigt zur Arbeit fahren k\u00f6nnen, weil Sie wissen, dass Ihre Kinder die ganze Zeit \u00fcber gut versorgt sind.<\/li>\n<li>Sie, weil Sie nicht mehr mit dem Auto fahren k\u00f6nnen, trotzdem die Dinge des t\u00e4glichen Lebens erledigen k\u00f6nnen. Sie kommen zum Arzt, Sie k\u00f6nnen einkaufen und weiter am sozialen Leben teilnehmen.<\/li>\n<li>die Ortsmitte mit Leben gef\u00fcllt ist und die H\u00e4user bewohnt sind von jungen Familien und Senioren.<\/li>\n<li>Sie Wasser kochen und der Wasserkocher nicht sofort mit einer Kalkschicht \u00fcberzogen ist.<\/li>\n<li>Sie den Blick auf die Burg M\u00fcnzenberg genie\u00dfen k\u00f6nnen, ohne dass er durch Windkraftr\u00e4der entstellt ist.<\/li>\n<li>Sie Bescheide, die von Ihrer Stadtverwaltung kommen, schnell verstehen und wissen, was mit dem Schreiben gemeint ist.<\/li>\n<p>F\u00fcr diese Dinge will ich mich &#8211; unter anderem &#8211; einsetzen<br \/>\n<u>Kinderbetreuung <\/u><br \/>\nIch werde ein Konzept mit allen Beteiligten, d.h. mit Schule, Kindergarten, Betreuungsvereinen, Sportvereinen, Feuerwehren, Kirchengemeinden erarbeiten, so dass eine Betreuung auch nach der Schule bis zum Alter von ca. 14 Jahren in der Stadt gew\u00e4hrleistet ist.<br \/>\n<u>ntensivierung der Kinder- und Jugendarbeit der Stadt<\/u><br \/>\nUnsere Zukunft liegt in kleinen H\u00e4nden. Unsere Stadt \u2013 und hier insbesondere die von jungen Menschen regelm\u00e4\u00dfig besuchten Einrichtungen wie die Kindertagesst\u00e4tten, die Grundschule und das Jugendzentrum \u2013 soll f\u00fcr alle Kinder ein Raum sein, in dem sie als Bereicherung unserer Gesellschaft erlebt werden. Gemeinsam begleiten die Verantwortlichen in den genannten Institutionen Kinder und Jugendliche in ihren individuellen Lebenssituationen und Lernprozessen. Intensive Netzwerkarbeit zwischen den Kitas, der Grundschule und dem Kinder- und Jugendb\u00fcro der Stadt sorgt daf\u00fcr, den j\u00fcngsten M\u00fcnzenbergerinnen und M\u00fcnzenbergern ein verl\u00e4ssliches Fundament f\u00fcr die Zukunft zu legen mit Eigenschaften wie Neugier, Selbstbewusstsein, Empathie und Gemeinschaftsgef\u00fchl sowie gelebter Demokratie.<br \/>\nDie bisherige gute Zusammenarbeit soll weiter intensiviert und erweitert werden. Als wichtige erste Ma\u00dfnahmen hierf\u00fcr haben sich die Schaffung einer Stelle f\u00fcr eine Koordinatorin der Kooperation \u201eKita \u2013 Grundschule \u2013 Kinder- und Jugendb\u00fcro\u201c sowie die Schaffung einer zus\u00e4tzlichen Stelle im Kinder- und Jugendb\u00fcro erwiesen. Die bisherigen Ergebnisse der Intensivierung der Kinder- und Jugendarbeit der Stadt wie die gemeinsame Schaffung von AG Angeboten in der Nachmittagsbetreuung der Johanniterschule an beiden Standorten sind positiv und lassen optimistisch in die Zukunft blicken.<br \/>\n<u>Belebung der Innenst\u00e4dte<\/u><br \/>\n<span style=\"color: #999999;\" data-mce-style=\"color: #999999;\">Unsere Ortskerne sterben langsam aus. Auf der einen Seite sollen die historischen Geb\u00e4ude erhalten bleiben. Auf der anderen Seite muss es aber jungen Familien m\u00f6glich gemacht werden, durch Renovierungen, moderne, insbesondere ausreichend w\u00e4rmeged\u00e4mmte und helle Lebensr\u00e4ume in den historischen H\u00e4usern zu schaffen.<\/span><span style=\"color: #999999;\" data-mce-style=\"color: #999999;\">Gleiches gilt f\u00fcr die \u00e4ltere Generation: F\u00fcr sie muss es m\u00f6glich sein, ein Fachwerkhaus so umzubauen, dass es barrierefrei nutzbar ist, ohne dass ruin\u00f6se Kosten dadurch entstehen. Ein Zielkonflikt, der auch andere Verwaltungsebenen, wie zum Beispiel den Denkmalschutz in die Pflicht nimmt. Hier ist in meinen Augen auch das aktive Handeln h\u00f6herer und h\u00f6chster politischer Ebenen gefordert, damit die rechtlichen Grundlagen entsprechend gestaltet werden.<\/span><span style=\"color: #999999;\" data-mce-style=\"color: #999999;\"><br \/>\nWir k\u00f6nnen nicht unendlich Neubaugebiete erschlie\u00dfen und damit, gerade hier in der au\u00dfergew\u00f6hnlich fruchtbaren Wetterau, wertvolles Ackerland kontinuierlich vernichten. Wir m\u00fcssen nachhaltig denken und handeln und k\u00f6nnen uns nicht die Grundlage f\u00fcr unsere zuk\u00fcnftige Ern\u00e4hrung im wahrsten Sinne des Wortes verbauen.<\/span>Die Stadt M\u00fcnzenberg hat es geschafft, neben sieben anderen hessischen St\u00e4dten und Gemeinden in das Dorfentwicklungsprogramm 2019 aufgenommen zu werden. Das war und ist noch immer harte Arbeit, denn nach der Antragsphase mit der Erstellung des mehr als 300 Seiten starken \u201eIntegrierten Kommunalen Entwicklungskonzeptes\u201c (IKEK) ging es gleich weiter in die Umsetzungsphase, in der wir uns noch immer befinden. Zwischenzeitlich konnten hier schon tolle Projekte verwirklicht werden, die dazu f\u00fchren, dass das Wohnen in den Ortskernen attraktiv bleibt und noch attraktiver wird.<br \/>\n<u>Wasserqualit\u00e4t<\/u><br \/>\n<span style=\"color: #999999;\" data-mce-style=\"color: #999999;\">Selbst in M\u00fcnzenberg, wo nur ein H\u00e4rtegrad von 16\u00b0 zu verzeichnen ist, sind Kalkablagerungen an der Tagesordnung. Wie viel schlimmer ist das in Gambach, mit einem H\u00e4rtegrad von 31\u00b0 . Eine Verbesserung ist hier dringend erforderlich.<\/span><span style=\"color: #999999;\" data-mce-style=\"color: #999999;\"><br \/>\nAlle vier Brunnen der Stadt M\u00fcnzenberg sichern die Trinkwasserversorgung unserer Stadt mit hervorragendem und qualitativ hochwertigem Wasser. Leider enth\u00e4lt es noch immer zu viel Kalk, der sich an allen Ger\u00e4ten, die damit in Kontakt kommen, unsch\u00f6n niederschl\u00e4gt.<br \/>\nIn einem ersten Schritt wurde zu diesem Thema eine Machbarkeitsstudie am Technologiezentrum Karlsruhe beauftragt und durchgef\u00fchrt. Das Ergebnis: Nach Aufbereitung des Wassers der Ober-H\u00f6rgerner Brunnen kann dieses mit dem Wasser aus Trais und M\u00fcnzenberg vermischt werden. So wird dann ein Wasser hergestellt, das mit einem wesentlich niedrigeren H\u00e4rtegrad in den Haushalten ankommt. Der H\u00e4rtegrad l\u00e4sst sich bei Anwendung dieser Technologie durch das Mischungsverh\u00e4ltnis der verschiedenen W\u00e4sser auf einen gew\u00fcnschten Wert einstellen.<br \/>\nAktuell wird durch ein Ingenieurb\u00fcro, das auf Wassertechnik spezialisiert ist, ermittelt, wo Rohrleitungen laufen m\u00fcssen, welche Anlagentechnik n\u00f6tig ist und schlie\u00dflich was das Ganze die Stadt kosten wird, damit auch f\u00fcr jeden Einzelnen dann die Mehrkosten pro Liter Wasser berechnet werden k\u00f6nnen \u2013 denn: Sollte der Bau dieser Anlage realisiert werden, w\u00fcrde in der Folge der Preis f\u00fcr das Wasser angehoben werden m\u00fcssen.<br \/>\nDas Ergebnis dieser Untersuchung wird in K\u00fcrze erwartet und sobald es vorliegt, wird es zun\u00e4chst in den Gremien vorgestellt und danach in einer B\u00fcrgerversammlung pr\u00e4sentiert und diskutiert werden.<br \/>\nIch bin schon sehr gespannt, wie sich dieses Thema weiter entwickeln wird.<br \/>\n<u>Windkraft<\/u><br \/>\n<span style=\"color: #999999;\" data-mce-style=\"color: #999999;\">Grunds\u00e4tzlich begr\u00fc\u00dfe ich die Wende in Deutschland hin zu erneuerbaren Energien. Aber alles muss mit Ma\u00df und Ziel geschehen. Der Bau der geplanten \u00fcberdimensionalen, mehr als 200 m hohen Windkraftanlagen zerst\u00f6rt unsere Wetterauer Kulturlandschaft und beeintr\u00e4chtigt schwerwiegend unser historisches Denkmal, die Burg M\u00fcnzenberg. Es kann nicht hingenommen werden, dass mit einer Art Goldgr\u00e4bermentalit\u00e4t vor nichts Halt gemacht wird. Natur- und Vogelschutz m\u00fcssen in hohem Ma\u00dfe ber\u00fccksichtigt werden und sch\u00fctzenswerte Landschaftsbilder d\u00fcrfen nicht unwiederbringlich zerst\u00f6rt werden.<\/span><span style=\"color: #999999;\" data-mce-style=\"color: #999999;\"><br \/>\nNoch immer ist dieser Kampf, der mich seit Beginn meiner T\u00e4tigkeit als B\u00fcrgermeisterin begleitet, nicht ausgefochten, noch immer ist eine Klage der Fa. NWind vor dem Verwaltungsgerichtshof in Kassel anh\u00e4ngig. Die vorherige Instanz, das Verwaltungsgericht in Gie\u00dfen, hatte dem Denkmalschutzwert unserer Burg ein so gro\u00dfes Gewicht beigemessen, dass es den Bau von Windr\u00e4dern abgelehnt und damit die Entscheidung des Regierungspr\u00e4sidiums Darmstadt best\u00e4tigt hat. Zwischenzeitlich wurde auch der Teilplan Erneuerbare Energien verabschiedet und die betreffende Fl\u00e4che wurde dort als Ausschlussfl\u00e4che eingestuft, was bedeutet, dass auch von dieser Seite her der Denkmalschutzwert der Burg \u00fcberwiegt und ein Bau von Windkraftanlagen nicht m\u00f6glich ist.<br \/>\n<u>B\u00fcrgern\u00e4he<\/u><br \/>\nZeit ist knapp und keiner von uns, und hier meine ich insbesondere die Generation in der sogenannten &#8222;Sandwichposition&#8220; (d.h. diejenigen, die sich sowohl um ihre Kinder als auch um ihre Eltern k\u00fcmmern) hat die Zeit und Energie, sich mit einer schwierigen Materie noch dazu in &#8222;Beamtendeutsch&#8220; auseinanderzusetzen. Da verwaltungsrechtlich bestimmte Vorgaben bestehen, damit ein Bescheid rechtsg\u00fcltig ist, wird sich an diesen Schreiben wenig \u00e4ndern. Was aber spricht dagegen, eine kurze und leichtverst\u00e4ndliche Zusammenfassung des Inhalts mit zu schicken? Sicherlich ist das ein punktueller Mehraufwand f\u00fcr die Verwaltung, aber eine deutliche Erleichterung f\u00fcr alle betroffenen B\u00fcrger.Eine enge Zusammenarbeit und Kommunikation mit den Ortsbeir\u00e4ten ist unverzichtbar, denn Sie haben in den einzelnen Stadtteilen &#8222;den Finger am Puls&#8220; der B\u00fcrger. Sie sind jederzeit vor Ort greifbar und stehen im Fokus, wenn es brennt. Ortsbeir\u00e4te wissen, wo Sie, die B\u00fcrger, der Schuh dr\u00fcckt.Auch werde ich regelm\u00e4\u00dfig\u00a0 zu B\u00fcrgerversammlungen einladen. An diesen Abenden werden Sie die Gelegenheit haben, sich \u00fcber &#8222;Themen aus dem Rathaus&#8220; zu informieren und Fragen stellen zu k\u00f6nnen. Weiter w\u00fcnsche ich mir dabei von Ihnen Vorschl\u00e4ge und Anregungen zur Weiterentwicklung unserer Stadt.Weitere wichtige Dinge, um die ich mich k\u00fcmmern werde:<br \/>\n<u>\u00c4rzteversorgung<\/u><br \/>\n<span style=\"color: #999999;\" data-mce-style=\"color: #999999;\">Es ist sehr wichtig, die \u00c4rzteversorgung vor Ort sicherzustellen. Denn wer krank ist, kann keine weiten Strecken zur\u00fccklegen, egal in welchem Alter!<\/span><span style=\"color: #999999;\" data-mce-style=\"color: #999999;\"><br \/>\nNachdem der Hausarzt im Stadtteil M\u00fcnzenberg, J\u00fcrgen F\u00f6lsing, seinen altersbedingten R\u00fcckzug aus dem aktiven Berufsleben angek\u00fcndigt hatte, ist es durch zahlreiche positive Umst\u00e4nde gelungen, eine Nachfolgerin f\u00fcr ihn zu finden: seit 2019 praktiziert Martina Beck in den frisch sanierten und erweiterten Praxisr\u00e4umen im Steinweg 4. Mehr Informationen und Hintergr\u00fcnde finden Sie hier.<br \/>\nAls Stadt haben wir hier unterst\u00fctzt und uns f\u00fcr den Fortbestand der \u00e4rztlichen Versorgung stark gemacht \u2013 das ist selbstverst\u00e4ndlich, denn die Daseinsvorsorge ist ein wesentlicher Bestandteil der kommunalen Aufgaben.<br \/>\n<u>Senioren<\/u><br \/>\n&#8222;M\u00fcnzenberg ist tot!&#8220; so lautete das harte Urteil einer Seniorin, die damit der Tatsache Ausdruck verlieh, dass es au\u00dfer der kirchlichen Einrichtung des Altenclubs in den kleinen Stadtteilen keine M\u00f6glichkeit f\u00fcr Senioren gibt, sich zu treffen, auszutauschen oder gar einzukaufen.Ich m\u00f6chte im Rahmen eines Projektes &#8222;Nachbarschaftshilfe&#8220;\u00a0 bei dem es unter dem Motto &#8222;B\u00fcrger helfen B\u00fcrgern&#8220;\u00a0 m\u00f6glich werden soll, zu helfen und Hilfe zu bekommen. Jeder, der Zeit hat und diese gerne sinnvoll nutzen m\u00f6chte, ist eingeladen, daran teil zu nehmen. So sollen unter anderem die Begleitung zum Einkauf oder zum Arzt mit und ohne Auto angeboten werden, Besuche bei Alleinstehenden stattfinden. Insbesondere in den kleineren Stadtteilen ist eine solche Unterst\u00fctzung f\u00fcr die \u00e4lteren Mitb\u00fcrgerinnen und Mitb\u00fcrger dringend n\u00f6tig.<u>Barrierefreiheit<\/u>Das Rathaus in M\u00fcnzenberg ist zum Beispiel nicht barrierefrei zu nutzen. Hier gilt es L\u00f6sungsm\u00f6glichkeiten auch im Hinblick auf die historische Substanz und den Denkmalschutz zu entwickeln und hinsichtlich der Praktikabilit\u00e4t und Finanzierbarkeit zu pr\u00fcfen.<br \/>\n<u>Senioren-Mittagstische<\/u><br \/>\nSeit 2019 gibt es in der Stadt monatliche Senioren-Mittagstische. Die Veranstaltungen finden immer am ersten Mittwoch im Monat f\u00fcr M\u00fcnzenberg und Trais im katholischen Pfarrheim St. Nikolaus sowie am ersten Donnerstag im Monat im evangelischen Gemeindezentrum Gambach f\u00fcr Gambach und Ober-H\u00f6rgern statt. Getreu den Leitgedanken \u201eDer Appetit kommt beim Essen!\u201c und \u201eGemeinsam statt einsam\u201c haben sich engagierte Frauen zusammengetan und probehalber die Mittagstische angeboten. Mittlerweile sind beide Mittagstische aus den Terminkalendern der zahlreichen G\u00e4ste nicht mehr wegzudenken. W\u00e4hrend der Corona-Zwangspause wurden die Angebote schmerzlich vermisst und sind jetzt sehr zur Freude aller wieder gestartet.<br \/>\nBei netter Unterhaltung und in angenehmer Atmosph\u00e4re miteinander ein Mahl zu genie\u00dfen ist allemal besser, als zu Hause alleine zu essen, lautet das Credo. Die Idee hat mich von Anfang an begeistert und ich bin dankbar f\u00fcr das damit verbundene ehrenamtliche Engagement. Das ist in dieser Form und in diesem Umfang alles andere als selbstverst\u00e4ndlich ist. Es macht mich sehr stolz, dass wir in M\u00fcnzenberg selbstbewusste und tatkr\u00e4ftige Akteure haben, die lieber machen anstatt zu meckern, die starten statt zu warten. Hier leben Menschen, die Verantwortung f\u00fcr andere \u00fcbernehmen ganz im Sinne einer aktiven, demokratischen B\u00fcrgergesellschaft. Das ist unbezahlbar.<br \/>\n<u>Tourismus<\/u><br \/>\nDie Stadt M\u00fcnzenberg hat\u00a0 viel mehr zu bieten als nur die Burg M\u00fcnzenberg. Die Vergangenheit reicht weit zur\u00fcck. Auf ein Zeugnis der Megalithkultur der Jungsteinzeit und der Bronzezeit st\u00f6\u00dft man am Ortseingang von Trais. Dort ist ein Menhir, im Volksmund &#8222;Kr\u00e4ppelstein&#8220; genannt, aufgestellt. Die Wetterwiesen mit ihren Sonderbiotopen und ihren Salzquellen in der Gemarkung Ober-H\u00f6rgern. Grabungen lassen auf das Leben und Wirken der R\u00f6mer schlie\u00dfen. Eindrucksvoll war dies sichtbar in der &#8222;Villa rustica&#8220; in Gambach. Und schlie\u00dflich das Mittelalter, dessen Spuren sich durch die Gesamtstadt M\u00fcnzenberg ziehen, monumental und weithin sichtbar durch das Wahrzeichen der Region, das &#8222;Wetterauer Tintenfass&#8220;.Das alles gilt es &#8222;kundenorientiert&#8220; und werbewirksam weiter aufzubereiten und zu pr\u00e4sentieren.<\/p>\n<\/div><\/section><\/p><\/div>\n<\/p>\n","protected":false},"excerpt":{"rendered":"","protected":false},"author":1,"featured_media":0,"parent":0,"menu_order":0,"comment_status":"closed","ping_status":"closed","template":"","meta":{"footnotes":""},"class_list":["post-963","page","type-page","status-publish","hentry"],"_links":{"self":[{"href":"https:\/\/isabell-tammer.de\/wordpress\/wp-json\/wp\/v2\/pages\/963","targetHints":{"allow":["GET"]}}],"collection":[{"href":"https:\/\/isabell-tammer.de\/wordpress\/wp-json\/wp\/v2\/pages"}],"about":[{"href":"https:\/\/isabell-tammer.de\/wordpress\/wp-json\/wp\/v2\/types\/page"}],"author":[{"embeddable":true,"href":"https:\/\/isabell-tammer.de\/wordpress\/wp-json\/wp\/v2\/users\/1"}],"replies":[{"embeddable":true,"href":"https:\/\/isabell-tammer.de\/wordpress\/wp-json\/wp\/v2\/comments?post=963"}],"version-history":[{"count":16,"href":"https:\/\/isabell-tammer.de\/wordpress\/wp-json\/wp\/v2\/pages\/963\/revisions"}],"predecessor-version":[{"id":1254,"href":"https:\/\/isabell-tammer.de\/wordpress\/wp-json\/wp\/v2\/pages\/963\/revisions\/1254"}],"wp:attachment":[{"href":"https:\/\/isabell-tammer.de\/wordpress\/wp-json\/wp\/v2\/media?parent=963"}],"curies":[{"name":"wp","href":"https:\/\/api.w.org\/{rel}","templated":true}]}}