{"id":671,"date":"2017-01-17T22:10:59","date_gmt":"2017-01-17T21:10:59","guid":{"rendered":"http:\/\/www.isabell-tammer.de\/wordpress\/?page_id=671"},"modified":"2023-11-05T17:07:58","modified_gmt":"2023-11-05T16:07:58","slug":"politischer-werdegang","status":"publish","type":"page","link":"https:\/\/isabell-tammer.de\/wordpress\/politischer-werdegang\/","title":{"rendered":"Politischer Werdegang"},"content":{"rendered":"\n<style type=\"text\/css\" data-created_by=\"avia_inline_auto\" id=\"style-css-av-yo6xj-2588026b9f757f3e45c09d5c47d2c285\">\n.avia-section.av-yo6xj-2588026b9f757f3e45c09d5c47d2c285{\nbackground-color:#ef7a1e;\nbackground-image:unset;\n}\n.avia-section.av-yo6xj-2588026b9f757f3e45c09d5c47d2c285 .av-section-color-overlay{\nopacity:0.5;\n}\n<\/style>\n<div id='av_section_1'  class='avia-section av-yo6xj-2588026b9f757f3e45c09d5c47d2c285 main_color avia-section-no-padding avia-no-border-styling  avia-builder-el-0  el_before_av_section  avia-builder-el-first  avia-bg-style-scroll av-section-color-overlay-active av-minimum-height av-minimum-height-20  container_wrap fullsize'   data-av_minimum_height_pc='20'><div class=\"av-section-color-overlay-wrap\"><div class=\"av-section-color-overlay\"><\/div><div class='container av-section-cont-open' ><main  role=\"main\" itemprop=\"mainContentOfPage\"  class='template-page content  av-content-full alpha units'><div class='post-entry post-entry-type-page post-entry-671'><div class='entry-content-wrapper clearfix'>\n\n<style type=\"text\/css\" data-created_by=\"avia_inline_auto\" id=\"style-css-av-pcozz-ba328790601d0f2a488af851711552fb\">\n#top .av-rotator-container.av-pcozz-ba328790601d0f2a488af851711552fb{\ntext-align:left;\ncolor:#ffffff;\n}\n#top #wrap_all .av-rotator-container.av-pcozz-ba328790601d0f2a488af851711552fb .av-rotator-container-inner{\nfont-size:3vw;\n}\n\n@media only screen and (min-width: 990px){ \n#top #wrap_all .av-rotator-container.av-pcozz-ba328790601d0f2a488af851711552fb .av-rotator-container-inner{\nfont-size:25px;\n}\n}\n\n@media only screen and (min-width: 768px) and (max-width: 989px){ \n#top #wrap_all .av-rotator-container.av-pcozz-ba328790601d0f2a488af851711552fb .av-rotator-container-inner{\nfont-size:13px;\n}\n}\n\n@media only screen and (min-width: 480px) and (max-width: 767px){ \n#top #wrap_all .av-rotator-container.av-pcozz-ba328790601d0f2a488af851711552fb .av-rotator-container-inner{\nfont-size:12px;\n}\n}\n\n@media only screen and (max-width: 479px){ \n#top #wrap_all .av-rotator-container.av-pcozz-ba328790601d0f2a488af851711552fb .av-rotator-container-inner{\nfont-size:10px;\n}\n}\n<\/style>\n<div  class='av-rotator-container av-rotation-container-left av-pcozz-ba328790601d0f2a488af851711552fb  avia-builder-el-1  avia-builder-el-no-sibling ' data-interval='5' data-animation='1'><h3 class='av-rotator-container-inner'>Als B\u00fcrgermeisterin werde ich mich daf\u00fcr einsetzten, dass...<span class='av-rotator-text av-rotator-multiline-on'>\n<span class='av-rotator-text-single av-moy8n-6de8e417bcb72e1424a1718ccb82e662 av-rotator-text-single-1'>Sie frischen Wind in der Stadt haben<\/span>\n<span class='av-rotator-text-single av-eyzan-e5f0817ff6f342be77267c6bfa5de9ba av-rotator-text-single-2'>Sie aktiv unsere Stadt mitgestalten k\u00f6nnen<\/span>\n<span class='av-rotator-text-single av-6nlin-0993ee754bc0ac6827d411a38e8a9eb5 av-rotator-text-single-3'>Sie Transparenz im politischen Handeln erleben<\/span>\n<\/span><\/h3><\/div>\n\n<\/div><\/div><\/main><!-- close content main element --><\/div><\/div><\/div>\n<style type=\"text\/css\" data-created_by=\"avia_inline_auto\" id=\"style-css-av-zebin-7ff2e3577e37780d81b735ccc76c1728\">\n.avia-section.av-zebin-7ff2e3577e37780d81b735ccc76c1728{\nbackground-color:#ffffff;\nbackground-image:url(https:\/\/isabell-tammer.de\/wordpress\/wp-content\/uploads\/2016\/12\/BG_Kandidat-845x684.jpg);\nbackground-repeat:no-repeat;\nbackground-position:50% 50%;\nbackground-attachment:fixed;\n}\n<\/style>\n<div id='av_section_2'  class='avia-section av-zebin-7ff2e3577e37780d81b735ccc76c1728 main_color avia-section-default avia-no-shadow  avia-builder-el-2  el_after_av_section  avia-builder-el-last  avia-bg-style-fixed av-minimum-height av-minimum-height-75  container_wrap fullsize'  data-section-bg-repeat='no-repeat' data-av_minimum_height_pc='75'><div class='container av-section-cont-open' ><div class='template-page content  av-content-full alpha units'><div class='post-entry post-entry-type-page post-entry-671'><div class='entry-content-wrapper clearfix'>\n\n<style type=\"text\/css\" data-created_by=\"avia_inline_auto\" id=\"style-css-av-rsxp3-f359b7b9aae67abd29ad869d67a1bc53\">\n.flex_column.av-rsxp3-f359b7b9aae67abd29ad869d67a1bc53{\n-webkit-border-radius:0px 0px 0px 0px;\n-moz-border-radius:0px 0px 0px 0px;\nborder-radius:0px 0px 0px 0px;\npadding:0px 0px 0px 0px;\n}\n<\/style>\n<div class='flex_column av-rsxp3-f359b7b9aae67abd29ad869d67a1bc53 av_three_fifth  avia-builder-el-3  avia-builder-el-no-sibling  first flex_column_div av-zero-column-padding '     ><p>\n<style type=\"text\/css\" data-created_by=\"avia_inline_auto\" id=\"style-css-av-ileif-a67385017c3b0bda8155b757fa0bab93\">\n#top .av-special-heading.av-ileif-a67385017c3b0bda8155b757fa0bab93{\npadding-bottom:10px;\nfont-size:27px;\n}\nbody .av-special-heading.av-ileif-a67385017c3b0bda8155b757fa0bab93 .av-special-heading-tag .heading-char{\nfont-size:25px;\n}\n#top #wrap_all .av-special-heading.av-ileif-a67385017c3b0bda8155b757fa0bab93 .av-special-heading-tag{\nfont-size:27px;\n}\n.av-special-heading.av-ileif-a67385017c3b0bda8155b757fa0bab93 .av-subheading{\nfont-size:15px;\n}\n\n@media only screen and (min-width: 480px) and (max-width: 767px){ \n#top #wrap_all .av-special-heading.av-ileif-a67385017c3b0bda8155b757fa0bab93 .av-special-heading-tag{\nfont-size:0.8em;\n}\n}\n\n@media only screen and (max-width: 479px){ \n#top #wrap_all .av-special-heading.av-ileif-a67385017c3b0bda8155b757fa0bab93 .av-special-heading-tag{\nfont-size:0.8em;\n}\n}\n<\/style>\n<div  class='av-special-heading av-ileif-a67385017c3b0bda8155b757fa0bab93 av-special-heading-h2 blockquote modern-quote  avia-builder-el-4  el_before_av_masonry_gallery  avia-builder-el-no-sibling  av-inherit-size'><h2 class='av-special-heading-tag'  itemprop=\"headline\"  >Mein politischer Werdegang<\/h2><div class=\"special-heading-border\"><div class=\"special-heading-inner-border\"><\/div><\/div><\/div><br \/>\n<div id='av-masonry-1' class='av-masonry av-1krq7-9ce696327d96aa099c32b748b5cbcae1 noHover av-fixed-size av-1px-gap av-hover-overlay-active av-masonry-animation-active av-masonry-col-3 av-caption-always av-caption-style- av-masonry-gallery ' data-post_id=\"671\"><div class=\"av-masonry-container isotope av-js-disabled\"><div class='av-masonry-entry isotope-item av-masonry-item-no-image '><\/div><a href=\"https:\/\/isabell-tammer.de\/wordpress\/wp-content\/uploads\/2017\/01\/Fraktion_FWG.jpg\"  aria-label=\"Bild Fraktion_FWG\"  id='av-masonry-1-item-683' data-av-masonry-item='683' class='av-masonry-entry isotope-item post-683 attachment type-attachment status-inherit hentry  av-masonry-item-with-image' title=\"Fraktion_FWG\" alt=\"\"    itemprop=\"thumbnailUrl\" ><div class='av-inner-masonry-sizer'><\/div><figure class='av-inner-masonry main_color'><div class=\"av-masonry-outerimage-container\"><div class='av-masonry-image-container' style=\"background-image: url(https:\/\/isabell-tammer.de\/wordpress\/wp-content\/uploads\/2017\/01\/Fraktion_FWG-705x397.jpg);\"  title=\"Fraktion_FWG\"  ><\/div><\/div><\/figure><\/a><!--end av-masonry entry--><a href=\"https:\/\/isabell-tammer.de\/wordpress\/wp-content\/uploads\/2017\/01\/FWG_2016Teambild.jpg\"  aria-label=\"Bild FWG_2016Teambild\"  id='av-masonry-1-item-684' data-av-masonry-item='684' class='av-masonry-entry isotope-item post-684 attachment type-attachment status-inherit hentry  av-masonry-item-with-image' title=\"FWG_2016Teambild\" alt=\"\"    itemprop=\"thumbnailUrl\" ><div class='av-inner-masonry-sizer'><\/div><figure class='av-inner-masonry main_color'><div class=\"av-masonry-outerimage-container\"><div class='av-masonry-image-container' style=\"background-image: url(https:\/\/isabell-tammer.de\/wordpress\/wp-content\/uploads\/2017\/01\/FWG_2016Teambild-705x502.jpg);\"  title=\"FWG_2016Teambild\"  ><\/div><\/div><\/figure><\/a><!--end av-masonry entry--><a href=\"https:\/\/isabell-tammer.de\/wordpress\/wp-content\/uploads\/2017\/01\/FWG-JHV-2015-002.jpg\"  aria-label=\"Bild FWG-JHV-2015-002\"  id='av-masonry-1-item-685' data-av-masonry-item='685' class='av-masonry-entry isotope-item post-685 attachment type-attachment status-inherit hentry  av-masonry-item-with-image' title=\"FWG-JHV-2015-002\" alt=\"\"    itemprop=\"thumbnailUrl\" ><div class='av-inner-masonry-sizer'><\/div><figure class='av-inner-masonry main_color'><div class=\"av-masonry-outerimage-container\"><div class='av-masonry-image-container' style=\"background-image: url(https:\/\/isabell-tammer.de\/wordpress\/wp-content\/uploads\/2017\/01\/FWG-JHV-2015-002-705x470.jpg);\"  title=\"FWG-JHV-2015-002\"  ><\/div><\/div><\/figure><\/a><!--end av-masonry entry--><a href=\"https:\/\/isabell-tammer.de\/wordpress\/wp-content\/uploads\/2017\/01\/FWG-Stra\u00dfenfest.jpg\"  aria-label=\"Bild FWG-Stra\u00dfenfest\"  id='av-masonry-1-item-686' data-av-masonry-item='686' class='av-masonry-entry isotope-item post-686 attachment type-attachment status-inherit hentry  av-masonry-item-with-image' title=\"FWG-Stra\u00dfenfest\" alt=\"\"    itemprop=\"thumbnailUrl\" ><div class='av-inner-masonry-sizer'><\/div><figure class='av-inner-masonry main_color'><div class=\"av-masonry-outerimage-container\"><div class='av-masonry-image-container' style=\"background-image: url(https:\/\/isabell-tammer.de\/wordpress\/wp-content\/uploads\/2017\/01\/FWG-Stra\u00dfenfest-705x529.jpg);\"  title=\"FWG-Stra\u00dfenfest\"  ><\/div><\/div><\/figure><\/a><!--end av-masonry entry--><a href=\"https:\/\/isabell-tammer.de\/wordpress\/wp-content\/uploads\/2017\/01\/IsabellPlakatiert.jpg\"  aria-label=\"Bild IsabellPlakatiert\"  id='av-masonry-1-item-687' data-av-masonry-item='687' class='av-masonry-entry isotope-item post-687 attachment type-attachment status-inherit hentry  av-masonry-item-with-image' title=\"IsabellPlakatiert\" alt=\"\"    itemprop=\"thumbnailUrl\" ><div class='av-inner-masonry-sizer'><\/div><figure class='av-inner-masonry main_color'><div class=\"av-masonry-outerimage-container\"><div class='av-masonry-image-container' style=\"background-image: url(https:\/\/isabell-tammer.de\/wordpress\/wp-content\/uploads\/2017\/01\/IsabellPlakatiert-529x705.jpg);\"  title=\"IsabellPlakatiert\"  ><\/div><\/div><\/figure><\/a><!--end av-masonry entry--><a href=\"https:\/\/isabell-tammer.de\/wordpress\/wp-content\/uploads\/2017\/01\/Koch-Tammer.jpg\"  aria-label=\"Bild Koch-Tammer\"  id='av-masonry-1-item-688' data-av-masonry-item='688' class='av-masonry-entry isotope-item post-688 attachment type-attachment status-inherit hentry  av-masonry-item-with-image' title=\"Koch-Tammer\" alt=\"\"    itemprop=\"thumbnailUrl\" ><div class='av-inner-masonry-sizer'><\/div><figure class='av-inner-masonry main_color'><div class=\"av-masonry-outerimage-container\"><div class='av-masonry-image-container' style=\"background-image: url(https:\/\/isabell-tammer.de\/wordpress\/wp-content\/uploads\/2017\/01\/Koch-Tammer-529x705.jpg);\"  title=\"Koch-Tammer\"  ><\/div><\/div><\/figure><\/a><!--end av-masonry entry--><\/div><\/div><br \/>\n\n<style type=\"text\/css\" data-created_by=\"avia_inline_auto\" id=\"style-css-av-7gro7-15caca7be87c6f53f33f024deda676ea\">\n#top .av_textblock_section.av-7gro7-15caca7be87c6f53f33f024deda676ea .avia_textblock{\nfont-size:15px;\n}\n<\/style>\n<section  class='av_textblock_section av-7gro7-15caca7be87c6f53f33f024deda676ea'  itemscope=\"itemscope\" itemtype=\"https:\/\/schema.org\/CreativeWork\" ><div class='avia_textblock'  itemprop=\"text\" ><p>Ich wuchs in einer Familie auf , die so lange ich denken kann, kommunalpolitisch nicht nur interessiert, sondern auch f\u00fcr unsere Stadt aktiv war. Mein Vater hat den SPD-Ortsverband in M\u00fcnzenberg mitgegr\u00fcndet. Meine Eltern setzten sich dann in der Folge vehement unter anderem f\u00fcr den Bau des Kindergartens in M\u00fcnzenberg ein, da sie dies zur weiteren Entwicklung unserer Stadt f\u00fcr unverzichtbar hielten.<\/p>\n<p>Vor nunmehr 40 Jahren gr\u00fcndeten mein Vater und seine Mitstreiter die FWG, meine Mutter ist bis heute in der SPD. Weder konnte ich mich zu Hause den politischen Diskussionen \u00fcber die Deutschlandpolitik, noch denjenigen, die Kommune betreffend, entziehen. Dies hat mich nat\u00fcrlich gepr\u00e4gt.<\/p>\n<p>Im Jahr 1990 trat ich in die FWG ein. Als Politikerin im klassischen Sinn sehe ich mich allerdings noch immer nicht. Ich habe den festen Vorsatz, mich bei meinen politischen Entscheidungen von meinem gesunden Menschenverstand und der Sachkenntnis kompetenter Fachleute leiten zu lassen. Ich k\u00f6nnte mich nie einem Fraktionszwang unterwerfen, wenn ich anderer Meinung bin. Deshalb ist die FWG f\u00fcr mich der richtige Ort.\u00a0 Mich \u00fcberzeugt die Tatsache, dass jeder nach seiner Meinung abstimmt. Wir machen uns keine Entscheidung leicht, wie sicher auch die Mitglieder der anderen Parteien, bleiben aber frei in unserem Abstimmungsverhalten und sind keinem Faktionszwang unterworfen.<\/p>\n<p>Getragen und gepr\u00e4gt wurden mein Leben und meine Entwicklung in M\u00fcnzenberg durch das ehrenamtliche Engagement vieler Menschen, sei das in den verschiedenen Vereinen oder in der Kirche.<\/p>\n<p>F\u00fcr mich war es daher selbstverst\u00e4ndlich, ein wenig von diesem Engagement zur\u00fcck zu geben und mich ebenfalls ehrenamtlich f\u00fcr meine Stadt zu engagieren. 2011 wurde ich erstmals in das Stadtparlament gew\u00e4hlt und war ab 2014 dann auch Fraktionsvorsitzende.<\/p>\n<p>Am 29.11.2016 habe ich mich als B\u00fcrgermeisterkandidatin f\u00fcr die FWG vorgestellt und wurde nominiert. Ich m\u00f6chte mein Engagement nicht mehr nur ehrenamtlich aus\u00fcben, sondern hauptberuflich f\u00fcr diese Stadt und ihre B\u00fcrger arbeiten. Ich m\u00f6chte all meine F\u00e4higkeiten und Kenntnisse, die ich im Laufe der letzten Jahrzehnte erwerben durfte, zum Wohle und zur Weiterentwicklung dieses Ortes einsetzen.<\/p>\n<p>In den kommenden Jahren werde ich mich daf\u00fcr einsetzen, dass die Kinderbetreuung \u00fcber das Kindergartenalter hinaus sichergestellt wird und dass Senioren und Jugendliche, die nicht mehr oder noch nicht selbst\u00e4ndig fahren k\u00f6nnen trotzdem mobil sind. Ich m\u00f6chte verhindern, dass die alten Ortskerne aussterben und Immobilienleichen entstehen.\u00a0 Ich m\u00f6chte ein offenes Rathaus, in dem jede B\u00fcrgerin und jeder B\u00fcrger die M\u00f6glichkeit hat, seine Anliegen mit mir zu besprechen und \u00fcber B\u00fcrgerversammlungen m\u00f6chte ich alle Mitb\u00fcrger \u00fcber anstehende Entwicklungen informieren. Das harte Wasser in Gambach gilt es\u00a0 anzugehen und alle technisch m\u00f6glichen Methoden auf ihre Anwendbarkeit in M\u00fcnzenberg zu \u00fcberpr\u00fcfen. Windr\u00e4der im Einzugsbereich der Burg m\u00fcssen verhindert werden. Barrierefreiheit in allen \u00f6ffentlichen Geb\u00e4uden gilt es weiter auszubauen. Und nicht zuletzt sollen Bescheide, die an die B\u00fcrgerinnen und B\u00fcrger versandt werden, leicht verst\u00e4ndlich gestaltet sein.<\/p>\n<p>Ich verspreche, und dies ist das einzige Versprechen, das ich machen werde, ich verspreche, dass ich immer ein offenes Ohr f\u00fcr Ihre Anliegen habe und dass ich mich um diese k\u00fcmmern werde.<\/p>\n<p>Ich brauche Ihre Ideen und Anregungen, ich brauche Ihr Engagement in den Vereinen und in der Stadt. Mit Ihrer Hilfe bleibt M\u00fcnzenberg f\u00fcr alle Generationen ein lebens- und liebenswerter Fleck.<\/p>\n<p>Ich wei\u00df, dass ich dann eine gute B\u00fcrgermeisterin sein kann.<\/p>\n<\/div><\/section><\/p><\/div>\n\n","protected":false},"excerpt":{"rendered":"","protected":false},"author":1,"featured_media":0,"parent":0,"menu_order":0,"comment_status":"closed","ping_status":"closed","template":"","meta":{"footnotes":""},"class_list":["post-671","page","type-page","status-publish","hentry"],"_links":{"self":[{"href":"https:\/\/isabell-tammer.de\/wordpress\/wp-json\/wp\/v2\/pages\/671","targetHints":{"allow":["GET"]}}],"collection":[{"href":"https:\/\/isabell-tammer.de\/wordpress\/wp-json\/wp\/v2\/pages"}],"about":[{"href":"https:\/\/isabell-tammer.de\/wordpress\/wp-json\/wp\/v2\/types\/page"}],"author":[{"embeddable":true,"href":"https:\/\/isabell-tammer.de\/wordpress\/wp-json\/wp\/v2\/users\/1"}],"replies":[{"embeddable":true,"href":"https:\/\/isabell-tammer.de\/wordpress\/wp-json\/wp\/v2\/comments?post=671"}],"version-history":[{"count":9,"href":"https:\/\/isabell-tammer.de\/wordpress\/wp-json\/wp\/v2\/pages\/671\/revisions"}],"predecessor-version":[{"id":1414,"href":"https:\/\/isabell-tammer.de\/wordpress\/wp-json\/wp\/v2\/pages\/671\/revisions\/1414"}],"wp:attachment":[{"href":"https:\/\/isabell-tammer.de\/wordpress\/wp-json\/wp\/v2\/media?parent=671"}],"curies":[{"name":"wp","href":"https:\/\/api.w.org\/{rel}","templated":true}]}}